{"id":15820,"date":"2019-08-05T10:00:44","date_gmt":"2019-08-05T10:00:44","guid":{"rendered":"https:\/\/utopies.com\/think-tank\/"},"modified":"2024-09-24T10:00:43","modified_gmt":"2024-09-24T10:00:43","slug":"think-tank","status":"publish","type":"page","link":"https:\/\/utopies.com\/en\/think-tank\/","title":{"rendered":"Think tank"},"content":{"rendered":"\t\t<div data-elementor-type=\"wp-page\" data-elementor-id=\"15820\" class=\"elementor elementor-15820 elementor-74\" data-elementor-post-type=\"page\">\n\t\t\t\t<div class=\"elementor-element elementor-element-39dcc0c e-flex e-con-boxed e-con e-parent\" data-id=\"39dcc0c\" data-element_type=\"container\" data-settings=\"{&quot;background_background&quot;:&quot;classic&quot;}\">\n\t\t\t\t\t<div class=\"e-con-inner\">\n\t\t\t\t<div class=\"elementor-element elementor-element-4786232 elementor-widget elementor-widget-heading\" data-id=\"4786232\" data-element_type=\"widget\" data-widget_type=\"heading.default\">\n\t\t\t\t<div class=\"elementor-widget-container\">\n\t\t\t<h1 class=\"elementor-heading-title elementor-size-default\">Think tank<\/h1>\t\t<\/div>\n\t\t\t\t<\/div>\n\t\t\t\t<div class=\"elementor-element elementor-element-c4cd758 elementor-widget elementor-widget-heading\" data-id=\"c4cd758\" data-element_type=\"widget\" data-widget_type=\"heading.default\">\n\t\t\t\t<div class=\"elementor-widget-container\">\n\t\t\t<h2 class=\"elementor-heading-title elementor-size-default\">Advancing awareness<\/h2>\t\t<\/div>\n\t\t\t\t<\/div>\n\t\t\t\t\t<\/div>\n\t\t\t\t<\/div>\n\t\t<div class=\"elementor-element elementor-element-75622a7 e-flex e-con-boxed e-con e-parent\" data-id=\"75622a7\" data-element_type=\"container\">\n\t\t\t\t\t<div class=\"e-con-inner\">\n\t\t\t\t<div class=\"elementor-element elementor-element-3e69346 elementor-widget elementor-widget-text-editor\" data-id=\"3e69346\" data-element_type=\"widget\" data-widget_type=\"text-editor.default\">\n\t\t\t\t<div class=\"elementor-widget-container\">\n\t\t\t\t\t\t\t<p>Speaking up relentlessly to change the narratives. We speak up to raise awareness about sustainability, to inspire people and leaders to think differently about corporations and the world. We speak up to share our belief that there can be no viable economic model on a dead planet or in a ruined society. We speak up to inspire corporations to set radical goals rather than incremental ones, to spawn innovative solutions that turn externalities into opportunities, to bring about economic models that generate positive change for the world and in people\u2019s lives.<\/p>\n<p>We speak up but we also listen to the diverse voices of those who have taken on the challenge of effecting positive change in the world, in corporations and in communities. We write also. To reflect, to imagine the future, to take a break. To advance the cause.<\/p>\n<p>Through its research activities, initiatives and interventions, UTOPIES aims to contribute to public debate and advance knowledge and practice, as well as encourage understanding of emerging issues, the dissemination of best practices and the promotion of innovative solutions.<\/p>\n\t\t\t\t\t\t<\/div>\n\t\t\t\t<\/div>\n\t\t\t\t\t<\/div>\n\t\t\t\t<\/div>\n\t\t<div class=\"elementor-element elementor-element-1580535 e-con-full e-flex e-con e-parent\" data-id=\"1580535\" data-element_type=\"container\">\n\t\t<div class=\"elementor-element elementor-element-8637887 e-con-full e-flex e-con e-child\" data-id=\"8637887\" data-element_type=\"container\">\n\t\t\t\t<div class=\"elementor-element elementor-element-65d559d elementor-grid-3 elementor-grid-tablet-2 elementor-grid-mobile-1 elementor-widget elementor-widget-loop-grid\" data-id=\"65d559d\" data-element_type=\"widget\" id=\"a-trier\" data-settings=\"{&quot;template_id&quot;:21371,&quot;columns&quot;:3,&quot;_skin&quot;:&quot;post&quot;,&quot;columns_tablet&quot;:&quot;2&quot;,&quot;columns_mobile&quot;:&quot;1&quot;,&quot;edit_handle_selector&quot;:&quot;[data-elementor-type=\\&quot;loop-item\\&quot;]&quot;,&quot;row_gap&quot;:{&quot;unit&quot;:&quot;px&quot;,&quot;size&quot;:&quot;&quot;,&quot;sizes&quot;:[]},&quot;row_gap_laptop&quot;:{&quot;unit&quot;:&quot;px&quot;,&quot;size&quot;:&quot;&quot;,&quot;sizes&quot;:[]},&quot;row_gap_tablet&quot;:{&quot;unit&quot;:&quot;px&quot;,&quot;size&quot;:&quot;&quot;,&quot;sizes&quot;:[]},&quot;row_gap_mobile&quot;:{&quot;unit&quot;:&quot;px&quot;,&quot;size&quot;:&quot;&quot;,&quot;sizes&quot;:[]}}\" data-widget_type=\"loop-grid.post\">\n\t\t\t\t<div class=\"elementor-widget-container\">\n\t\t\t<div class=\"elementor-loop-container\"><div class=\"jet-smart-filters-elementor-loop-no-result\">Nous sommes d\u00e9sol\u00e9, nous n'avons trouv\u00e9 aucun contenu correspondant \u00e0 votre recherche.<\/div><\/div>\t\t<\/div>\n\t\t\t\t<\/div>\n\t\t\t\t<div class=\"elementor-element elementor-element-150071b elementor-widget elementor-widget-jet-smart-filters-pagination\" data-id=\"150071b\" data-element_type=\"widget\" data-widget_type=\"jet-smart-filters-pagination.default\">\n\t\t\t\t<div class=\"elementor-widget-container\">\n\t\t\t<div\n\t\t\t\tclass=\"jet-smart-filters-pagination jet-filter\"\n\t\t\t\tdata-apply-provider=\"epro-loop-builder\"\n\t\t\t\tdata-content-provider=\"epro-loop-builder\"\n\t\t\t\tdata-query-id=\"a-trier\"\n\t\t\t\tdata-controls=\"{&quot;items_enabled&quot;:true,&quot;pages_mid_size&quot;:15,&quot;pages_end_size&quot;:0,&quot;nav_enabled&quot;:false,&quot;load_more_enabled&quot;:false}\"\n\t\t\t\tdata-apply-type=\"ajax\"\n\t\t\t><\/div>\t\t<\/div>\n\t\t\t\t<\/div>\n\t\t\t\t<\/div>\n\t\t\t\t<\/div>\n\t\t<div class=\"elementor-element elementor-element-1b8154e e-flex e-con-boxed e-con e-parent\" data-id=\"1b8154e\" data-element_type=\"container\">\n\t\t\t\t\t<div class=\"e-con-inner\">\n\t\t\t\t<div class=\"elementor-element elementor-element-65d8b2e elementor-view-default elementor-position-top elementor-mobile-position-top elementor-widget elementor-widget-icon-box\" data-id=\"65d8b2e\" data-element_type=\"widget\" data-widget_type=\"icon-box.default\">\n\t\t\t\t<div class=\"elementor-widget-container\">\n\t\t\t\t\t<div class=\"elementor-icon-box-wrapper\">\n\n\t\t\t\t\t\t<div class=\"elementor-icon-box-icon\">\n\t\t\t\t<span  class=\"elementor-icon elementor-animation-\">\n\t\t\t\t<svg xmlns=\"http:\/\/www.w3.org\/2000\/svg\" viewBox=\"0 0 512 512\"><g id=\"outline\"><g id=\"_23-message\" data-name=\"23-message\"><path d=\"M487,436H25A25.028,25.028,0,0,1,0,411V101A25.028,25.028,0,0,1,25,76H487a25.028,25.028,0,0,1,25,25V411A25.028,25.028,0,0,1,487,436ZM25,86a15.017,15.017,0,0,0-15,15V411a15.017,15.017,0,0,0,15,15H487a15.017,15.017,0,0,0,15-15V101a15.017,15.017,0,0,0-15-15Z\"><\/path><path d=\"M256,290.893a31.444,31.444,0,0,1-20.467-7.829L8.7,89.675a5,5,0,1,1,6.488-7.61l226.837,193.39c8.491,7.239,19.465,7.239,27.959,0L496.816,82.065a5,5,0,1,1,6.488,7.61L276.468,283.064A31.449,31.449,0,0,1,256,290.893Z\"><\/path><path d=\"M497.653,432.92a4.99,4.99,0,0,1-3.942-1.92L334.191,227.01a5,5,0,0,1,7.877-6.16l159.52,203.99a5,5,0,0,1-3.935,8.08Z\"><\/path><path d=\"M14.347,432.92a5,5,0,0,1-3.935-8.08l159.52-203.99a5,5,0,0,1,7.877,6.16L18.289,431A4.992,4.992,0,0,1,14.347,432.92Z\"><\/path><\/g><\/g><\/svg>\t\t\t\t<\/span>\n\t\t\t<\/div>\n\t\t\t\n\t\t\t\t\t\t<div class=\"elementor-icon-box-content\">\n\n\t\t\t\t\t\t\t\t\t<div class=\"elementor-icon-box-title\">\n\t\t\t\t\t\t<span  >\n\t\t\t\t\t\t\tFollow all our news<br>in our <b>newsletter<\/b><\/br>\t\t\t\t\t\t<\/span>\n\t\t\t\t\t<\/div>\n\t\t\t\t\n\t\t\t\t\n\t\t\t<\/div>\n\t\t\t\n\t\t<\/div>\n\t\t\t\t<\/div>\n\t\t\t\t<\/div>\n\t\t\t\t<div class=\"elementor-element elementor-element-c5c9ef7 elementor-button-align-end elementor-widget elementor-widget-form\" data-id=\"c5c9ef7\" data-element_type=\"widget\" data-settings=\"{&quot;step_next_label&quot;:&quot;Next&quot;,&quot;step_previous_label&quot;:&quot;Previous&quot;,&quot;button_width&quot;:&quot;100&quot;,&quot;step_type&quot;:&quot;number_text&quot;,&quot;step_icon_shape&quot;:&quot;circle&quot;}\" data-widget_type=\"form.default\">\n\t\t\t\t<div class=\"elementor-widget-container\">\n\t\t\t\t\t<form class=\"elementor-form\" method=\"post\" name=\"New form\">\n\t\t\t<input type=\"hidden\" name=\"post_id\" value=\"15820\"\/>\n\t\t\t<input type=\"hidden\" name=\"form_id\" value=\"c5c9ef7\"\/>\n\t\t\t<input type=\"hidden\" name=\"referer_title\" value=\"UTOPIES\" \/>\n\n\t\t\t\n\t\t\t<div class=\"elementor-form-fields-wrapper elementor-labels-\">\n\t\t\t\t\t\t\t\t<div class=\"elementor-field-type-email elementor-field-group elementor-column elementor-field-group-email elementor-col-100 elementor-field-required\">\n\t\t\t\t\t\t\t\t\t\t\t\t<label for=\"form-field-email\" class=\"elementor-field-label elementor-screen-only\">\n\t\t\t\t\t\t\t\tE-mail\t\t\t\t\t\t\t<\/label>\n\t\t\t\t\t\t\t\t\t\t\t\t\t\t<input size=\"1\" type=\"email\" name=\"form_fields[email]\" id=\"form-field-email\" class=\"elementor-field elementor-size-sm  elementor-field-textual\" placeholder=\"E-mail\" required=\"required\" aria-required=\"true\">\n\t\t\t\t\t\t\t\t\t\t\t<\/div>\n\t\t\t\t\t\t\t\t<div class=\"elementor-field-type-acceptance elementor-field-group elementor-column elementor-field-group-field_161375c elementor-col-100 elementor-field-required\">\n\t\t\t\t\t\t\t\t\t\t\t\t<label for=\"form-field-field_161375c\" class=\"elementor-field-label elementor-screen-only\">\n\t\t\t\t\t\t\t\tGDPR\t\t\t\t\t\t\t<\/label>\n\t\t\t\t\t\t\t\t<div class=\"elementor-field-subgroup\">\n\t\t\t<span class=\"elementor-field-option\">\n\t\t\t\t<input type=\"checkbox\" name=\"form_fields[field_161375c]\" id=\"form-field-field_161375c\" class=\"elementor-field elementor-size-sm  elementor-acceptance-field\" required=\"required\" aria-required=\"true\">\n\t\t\t\t<label for=\"form-field-field_161375c\">By subscribing, I agree to receive UTOPIES news, latest publications and other promotional emails at my email address.<\/label>\t\t\t<\/span>\n\t\t<\/div>\n\t\t\t\t\t\t<\/div>\n\t\t\t\t\t\t\t\t<div class=\"elementor-field-group elementor-column elementor-field-type-submit elementor-col-100 e-form__buttons\">\n\t\t\t\t\t<button type=\"submit\" class=\"elementor-button elementor-size-md\">\n\t\t\t\t\t\t<span >\n\t\t\t\t\t\t\t\t\t\t\t\t\t\t\t<span class=\" elementor-button-icon\">\n\t\t\t\t\t\t\t\t\t\t\t\t\t\t\t\t\t\t\t\t\t\t\t\t\t\t<\/span>\n\t\t\t\t\t\t\t\t\t\t\t\t\t\t\t\t\t\t\t\t\t\t<span class=\"elementor-button-text\">Subscribe<\/span>\n\t\t\t\t\t\t\t\t\t\t\t\t\t<\/span>\n\t\t\t\t\t<\/button>\n\t\t\t\t<\/div>\n\t\t\t<\/div>\n\t\t<\/form>\n\t\t\t\t<\/div>\n\t\t\t\t<\/div>\n\t\t\t\t<div class=\"elementor-element elementor-element-b80a9e3 elementor-shape-rounded elementor-grid-0 e-grid-align-center elementor-widget elementor-widget-social-icons\" data-id=\"b80a9e3\" data-element_type=\"widget\" data-widget_type=\"social-icons.default\">\n\t\t\t\t<div class=\"elementor-widget-container\">\n\t\t\t\t\t<div class=\"elementor-social-icons-wrapper elementor-grid\">\n\t\t\t\t\t\t\t<span class=\"elementor-grid-item\">\n\t\t\t\t\t<a class=\"elementor-icon elementor-social-icon elementor-social-icon-twitter elementor-repeater-item-6793974\" href=\"https:\/\/twitter.com\/Utopies_Paris\" target=\"_blank\">\n\t\t\t\t\t\t<span class=\"elementor-screen-only\">Twitter<\/span>\n\t\t\t\t\t\t<i class=\"fab fa-twitter\"><\/i>\t\t\t\t\t<\/a>\n\t\t\t\t<\/span>\n\t\t\t\t\t\t\t<span class=\"elementor-grid-item\">\n\t\t\t\t\t<a class=\"elementor-icon elementor-social-icon elementor-social-icon-instagram elementor-repeater-item-7d02bf3\" href=\"https:\/\/www.instagram.com\/utopies_official\/\" target=\"_blank\">\n\t\t\t\t\t\t<span class=\"elementor-screen-only\">Instagram<\/span>\n\t\t\t\t\t\t<i class=\"fab fa-instagram\"><\/i>\t\t\t\t\t<\/a>\n\t\t\t\t<\/span>\n\t\t\t\t\t\t\t<span class=\"elementor-grid-item\">\n\t\t\t\t\t<a class=\"elementor-icon elementor-social-icon elementor-social-icon-linkedin-in elementor-repeater-item-3ff684f\" href=\"https:\/\/www.linkedin.com\/company\/utopies\/\" target=\"_blank\">\n\t\t\t\t\t\t<span class=\"elementor-screen-only\">Linkedin-in<\/span>\n\t\t\t\t\t\t<i class=\"fab fa-linkedin-in\"><\/i>\t\t\t\t\t<\/a>\n\t\t\t\t<\/span>\n\t\t\t\t\t\t\t<span class=\"elementor-grid-item\">\n\t\t\t\t\t<a class=\"elementor-icon elementor-social-icon elementor-social-icon-youtube elementor-repeater-item-efa16d2\" href=\"https:\/\/www.youtube.com\/@utopiesparis\" target=\"_blank\">\n\t\t\t\t\t\t<span class=\"elementor-screen-only\">Youtube<\/span>\n\t\t\t\t\t\t<i class=\"fab fa-youtube\"><\/i>\t\t\t\t\t<\/a>\n\t\t\t\t<\/span>\n\t\t\t\t\t<\/div>\n\t\t\t\t<\/div>\n\t\t\t\t<\/div>\n\t\t\t\t\t<\/div>\n\t\t\t\t<\/div>\n\t\t<div class=\"elementor-element elementor-element-36aa0df e-con-full e-flex e-con e-parent\" data-id=\"36aa0df\" data-element_type=\"container\" data-settings=\"{&quot;background_background&quot;:&quot;classic&quot;}\">\n\t\t\t\t<div class=\"elementor-element elementor-element-ce4aba2 elementor-grid-1 elementor-grid-tablet-1 elementor-grid-mobile-1 elementor-widget elementor-widget-global elementor-global-18520 elementor-widget-loop-grid\" data-id=\"ce4aba2\" data-element_type=\"widget\" data-settings=\"{&quot;template_id&quot;:18306,&quot;columns&quot;:1,&quot;columns_tablet&quot;:1,&quot;_skin&quot;:&quot;post&quot;,&quot;columns_mobile&quot;:&quot;1&quot;,&quot;edit_handle_selector&quot;:&quot;[data-elementor-type=\\&quot;loop-item\\&quot;]&quot;,&quot;row_gap&quot;:{&quot;unit&quot;:&quot;px&quot;,&quot;size&quot;:&quot;&quot;,&quot;sizes&quot;:[]},&quot;row_gap_laptop&quot;:{&quot;unit&quot;:&quot;px&quot;,&quot;size&quot;:&quot;&quot;,&quot;sizes&quot;:[]},&quot;row_gap_tablet&quot;:{&quot;unit&quot;:&quot;px&quot;,&quot;size&quot;:&quot;&quot;,&quot;sizes&quot;:[]},&quot;row_gap_mobile&quot;:{&quot;unit&quot;:&quot;px&quot;,&quot;size&quot;:&quot;&quot;,&quot;sizes&quot;:[]}}\" data-widget_type=\"loop-grid.post\">\n\t\t\t\t<div class=\"elementor-widget-container\">\n\t\t\t\t\t<div class=\"elementor-loop-container elementor-grid\">\n\t\t<style id=\"loop-18306\">.elementor-18306 .elementor-element.elementor-element-1913551{--display:flex;--min-height:0px;--flex-direction:column;--container-widget-width:100%;--container-widget-height:initial;--container-widget-flex-grow:0;--container-widget-align-self:initial;--flex-wrap-mobile:wrap;--justify-content:center;--background-transition:0.3s;--padding-top:0px;--padding-bottom:0px;--padding-left:0px;--padding-right:0px;}.elementor-18306 .elementor-element.elementor-element-1913551, .elementor-18306 .elementor-element.elementor-element-1913551::before{--border-transition:0.3s;}.elementor-18306 .elementor-element.elementor-element-e8692b0 img{width:100%;max-width:100%;}.elementor-18306 .elementor-element.elementor-element-ac1979b img{width:100%;max-width:100%;}@media(max-width:1024px) and (min-width:768px){.elementor-18306 .elementor-element.elementor-element-1913551{--width:100%;}}@media(max-width:1024px){.elementor-18306 .elementor-element.elementor-element-1913551{--min-height:0px;}}@media(max-width:767px){.elementor-18306 .elementor-element.elementor-element-1913551{--padding-top:0px;--padding-bottom:0px;--padding-left:0px;--padding-right:0px;}}<\/style>\t\t<div data-elementor-type=\"loop-item\" data-elementor-id=\"18306\" class=\"elementor elementor-18306 e-loop-item e-loop-item-29234 post-29234 banniers type-banniers status-publish hentry\" data-elementor-post-type=\"elementor_library\" data-custom-edit-handle=\"1\">\n\t\t\t\t\t<div class=\"elementor-section-wrap\">\n\t\t\t\t\t\t<div class=\"elementor-element elementor-element-1913551 e-con-full e-flex e-con e-parent\" data-id=\"1913551\" data-element_type=\"container\" data-settings=\"{&quot;background_background&quot;:&quot;classic&quot;}\">\n\t\t\t\t<div class=\"elementor-element elementor-element-e8692b0 elementor-hidden-mobile elementor-widget elementor-widget-image\" data-id=\"e8692b0\" data-element_type=\"widget\" data-widget_type=\"image.default\">\n\t\t\t\t<div class=\"elementor-widget-container\">\n\t\t\t\t\t\t\t\t\t\t\t\t\t<img fetchpriority=\"high\" decoding=\"async\" width=\"800\" height=\"328\" src=\"https:\/\/utopies.com\/wp-content\/uploads\/2024\/08\/Visuel-citation-Rabhi-EN-1024x420.jpg\" class=\"attachment-large size-large wp-image-29235\" alt=\"\" srcset=\"https:\/\/utopies.com\/wp-content\/uploads\/2024\/08\/Visuel-citation-Rabhi-EN-1024x420.jpg 1024w, https:\/\/utopies.com\/wp-content\/uploads\/2024\/08\/Visuel-citation-Rabhi-EN-300x123.jpg 300w, https:\/\/utopies.com\/wp-content\/uploads\/2024\/08\/Visuel-citation-Rabhi-EN-768x315.jpg 768w, https:\/\/utopies.com\/wp-content\/uploads\/2024\/08\/Visuel-citation-Rabhi-EN-1536x631.jpg 1536w, https:\/\/utopies.com\/wp-content\/uploads\/2024\/08\/Visuel-citation-Rabhi-EN-2048x841.jpg 2048w\" sizes=\"(max-width: 800px) 100vw, 800px\" \/>\t\t\t\t\t\t\t\t\t\t\t\t\t<\/div>\n\t\t\t\t<\/div>\n\t\t\t\t<div class=\"elementor-element elementor-element-ac1979b elementor-hidden-desktop elementor-hidden-laptop elementor-hidden-tablet elementor-widget elementor-widget-image\" data-id=\"ac1979b\" data-element_type=\"widget\" data-widget_type=\"image.default\">\n\t\t\t\t<div class=\"elementor-widget-container\">\n\t\t\t\t\t\t\t\t\t\t\t\t\t<img decoding=\"async\" width=\"430\" height=\"503\" src=\"https:\/\/utopies.com\/wp-content\/uploads\/2024\/08\/Visuel-citation-Verticale-Site-Pierre-Rabhi-EN.jpg\" class=\"attachment-large size-large wp-image-29237\" alt=\"\" srcset=\"https:\/\/utopies.com\/wp-content\/uploads\/2024\/08\/Visuel-citation-Verticale-Site-Pierre-Rabhi-EN.jpg 430w, https:\/\/utopies.com\/wp-content\/uploads\/2024\/08\/Visuel-citation-Verticale-Site-Pierre-Rabhi-EN-256x300.jpg 256w\" sizes=\"(max-width: 430px) 100vw, 430px\" \/>\t\t\t\t\t\t\t\t\t\t\t\t\t<\/div>\n\t\t\t\t<\/div>\n\t\t\t\t<\/div>\n\t\t\t\t\t\t\t<\/div>\n\t\t\t\t<\/div>\n\t\t\t\t<\/div>\n\t\t\n\t\t\t\t<\/div>\n\t\t\t\t<\/div>\n\t\t\t\t<\/div>\n\t\t\t\t<\/div>\n\t\t","protected":false},"excerpt":{"rendered":"<p>Advancing awareness Speaking up relentlessly to change the narratives. We speak up to raise awareness about sustainability, to inspire people and leaders to think differently about corporations and the world. We speak up to share our belief that there can be no viable economic model on a dead planet or in a ruined society. We [&hellip;]<\/p>\n","protected":false},"author":2,"featured_media":14394,"parent":0,"menu_order":0,"comment_status":"closed","ping_status":"closed","template":"","meta":{"_monsterinsights_skip_tracking":false,"_monsterinsights_sitenote_active":false,"_monsterinsights_sitenote_note":"","_monsterinsights_sitenote_category":0,"footnotes":""},"categories":[],"tags":[],"class_list":["post-15820","page","type-page","status-publish","has-post-thumbnail","hentry"],"yoast_head":"<!-- This site is optimized with the Yoast SEO plugin v21.6 - https:\/\/yoast.com\/wordpress\/plugins\/seo\/ -->\n<title>Think tank | UTOPIES<\/title>\n<meta name=\"description\" content=\"Utopies\" \/>\n<meta name=\"robots\" content=\"index, follow, max-snippet:-1, max-image-preview:large, max-video-preview:-1\" \/>\n<link rel=\"canonical\" href=\"https:\/\/utopies.com\/en\/think-tank\/\" \/>\n<meta property=\"og:locale\" content=\"en_US\" \/>\n<meta property=\"og:type\" content=\"article\" \/>\n<meta property=\"og:title\" content=\"Think tank | UTOPIES\" \/>\n<meta property=\"og:description\" content=\"Utopies\" \/>\n<meta property=\"og:url\" content=\"https:\/\/utopies.com\/en\/think-tank\/\" \/>\n<meta property=\"og:site_name\" content=\"UTOPIES\" \/>\n<meta property=\"article:modified_time\" content=\"2024-09-24T10:00:43+00:00\" \/>\n<meta property=\"og:image\" content=\"https:\/\/utopies.com\/wp-content\/uploads\/2020\/04\/21-thinktank.jpg\" \/>\n\t<meta property=\"og:image:width\" content=\"1200\" \/>\n\t<meta property=\"og:image:height\" content=\"600\" \/>\n\t<meta property=\"og:image:type\" content=\"image\/jpeg\" \/>\n<meta name=\"twitter:card\" content=\"summary_large_image\" \/>\n<meta name=\"twitter:site\" content=\"@utopies_paris\" \/>\n<meta name=\"twitter:label1\" content=\"Est. reading time\" \/>\n\t<meta name=\"twitter:data1\" content=\"1 minute\" \/>\n<script type=\"application\/ld+json\" class=\"yoast-schema-graph\">{\"@context\":\"https:\/\/schema.org\",\"@graph\":[{\"@type\":\"WebPage\",\"@id\":\"https:\/\/utopies.com\/en\/think-tank\/\",\"url\":\"https:\/\/utopies.com\/en\/think-tank\/\",\"name\":\"Think tank | UTOPIES\",\"isPartOf\":{\"@id\":\"https:\/\/utopies.com\/en\/#website\"},\"datePublished\":\"2019-08-05T10:00:44+00:00\",\"dateModified\":\"2024-09-24T10:00:43+00:00\",\"description\":\"Utopies\",\"breadcrumb\":{\"@id\":\"https:\/\/utopies.com\/en\/think-tank\/#breadcrumb\"},\"inLanguage\":\"en-US\",\"potentialAction\":[{\"@type\":\"ReadAction\",\"target\":[\"https:\/\/utopies.com\/en\/think-tank\/\"]}]},{\"@type\":\"BreadcrumbList\",\"@id\":\"https:\/\/utopies.com\/en\/think-tank\/#breadcrumb\",\"itemListElement\":[{\"@type\":\"ListItem\",\"position\":1,\"name\":\"Accueil\",\"item\":\"https:\/\/utopies.com\/en\/\"},{\"@type\":\"ListItem\",\"position\":2,\"name\":\"Think tank\"}]},{\"@type\":\"WebSite\",\"@id\":\"https:\/\/utopies.com\/en\/#website\",\"url\":\"https:\/\/utopies.com\/en\/\",\"name\":\"UTOPIES\",\"description\":\"\",\"publisher\":{\"@id\":\"https:\/\/utopies.com\/en\/#organization\"},\"potentialAction\":[{\"@type\":\"SearchAction\",\"target\":{\"@type\":\"EntryPoint\",\"urlTemplate\":\"https:\/\/utopies.com\/en\/?s={search_term_string}\"},\"query-input\":\"required name=search_term_string\"}],\"inLanguage\":\"en-US\"},{\"@type\":\"Organization\",\"@id\":\"https:\/\/utopies.com\/en\/#organization\",\"name\":\"UTOPIES\",\"url\":\"https:\/\/utopies.com\/en\/\",\"logo\":{\"@type\":\"ImageObject\",\"inLanguage\":\"en-US\",\"@id\":\"https:\/\/utopies.com\/en\/#\/schema\/logo\/image\/\",\"url\":\"https:\/\/utopies.com\/wp-content\/uploads\/2019\/10\/LogoUtopies-HD-3Mo-copie_sans-fond-min.png\",\"contentUrl\":\"https:\/\/utopies.com\/wp-content\/uploads\/2019\/10\/LogoUtopies-HD-3Mo-copie_sans-fond-min.png\",\"width\":1200,\"height\":600,\"caption\":\"UTOPIES\"},\"image\":{\"@id\":\"https:\/\/utopies.com\/en\/#\/schema\/logo\/image\/\"},\"sameAs\":[\"https:\/\/twitter.com\/utopies_paris\",\"https:\/\/www.instagram.com\/utopies_official\/\",\"https:\/\/www.linkedin.com\/company\/utopies\/\"]}]}<\/script>\n<!-- \/ Yoast SEO plugin. -->","yoast_head_json":{"title":"Think tank | UTOPIES","description":"Utopies","robots":{"index":"index","follow":"follow","max-snippet":"max-snippet:-1","max-image-preview":"max-image-preview:large","max-video-preview":"max-video-preview:-1"},"canonical":"https:\/\/utopies.com\/en\/think-tank\/","og_locale":"en_US","og_type":"article","og_title":"Think tank | UTOPIES","og_description":"Utopies","og_url":"https:\/\/utopies.com\/en\/think-tank\/","og_site_name":"UTOPIES","article_modified_time":"2024-09-24T10:00:43+00:00","og_image":[{"width":1200,"height":600,"url":"https:\/\/utopies.com\/wp-content\/uploads\/2020\/04\/21-thinktank.jpg","type":"image\/jpeg"}],"twitter_card":"summary_large_image","twitter_site":"@utopies_paris","twitter_misc":{"Est. reading time":"1 minute"},"schema":{"@context":"https:\/\/schema.org","@graph":[{"@type":"WebPage","@id":"https:\/\/utopies.com\/en\/think-tank\/","url":"https:\/\/utopies.com\/en\/think-tank\/","name":"Think tank | UTOPIES","isPartOf":{"@id":"https:\/\/utopies.com\/en\/#website"},"datePublished":"2019-08-05T10:00:44+00:00","dateModified":"2024-09-24T10:00:43+00:00","description":"Utopies","breadcrumb":{"@id":"https:\/\/utopies.com\/en\/think-tank\/#breadcrumb"},"inLanguage":"en-US","potentialAction":[{"@type":"ReadAction","target":["https:\/\/utopies.com\/en\/think-tank\/"]}]},{"@type":"BreadcrumbList","@id":"https:\/\/utopies.com\/en\/think-tank\/#breadcrumb","itemListElement":[{"@type":"ListItem","position":1,"name":"Accueil","item":"https:\/\/utopies.com\/en\/"},{"@type":"ListItem","position":2,"name":"Think tank"}]},{"@type":"WebSite","@id":"https:\/\/utopies.com\/en\/#website","url":"https:\/\/utopies.com\/en\/","name":"UTOPIES","description":"","publisher":{"@id":"https:\/\/utopies.com\/en\/#organization"},"potentialAction":[{"@type":"SearchAction","target":{"@type":"EntryPoint","urlTemplate":"https:\/\/utopies.com\/en\/?s={search_term_string}"},"query-input":"required name=search_term_string"}],"inLanguage":"en-US"},{"@type":"Organization","@id":"https:\/\/utopies.com\/en\/#organization","name":"UTOPIES","url":"https:\/\/utopies.com\/en\/","logo":{"@type":"ImageObject","inLanguage":"en-US","@id":"https:\/\/utopies.com\/en\/#\/schema\/logo\/image\/","url":"https:\/\/utopies.com\/wp-content\/uploads\/2019\/10\/LogoUtopies-HD-3Mo-copie_sans-fond-min.png","contentUrl":"https:\/\/utopies.com\/wp-content\/uploads\/2019\/10\/LogoUtopies-HD-3Mo-copie_sans-fond-min.png","width":1200,"height":600,"caption":"UTOPIES"},"image":{"@id":"https:\/\/utopies.com\/en\/#\/schema\/logo\/image\/"},"sameAs":["https:\/\/twitter.com\/utopies_paris","https:\/\/www.instagram.com\/utopies_official\/","https:\/\/www.linkedin.com\/company\/utopies\/"]}]}},"_links":{"self":[{"href":"https:\/\/utopies.com\/en\/wp-json\/wp\/v2\/pages\/15820","targetHints":{"allow":["GET"]}}],"collection":[{"href":"https:\/\/utopies.com\/en\/wp-json\/wp\/v2\/pages"}],"about":[{"href":"https:\/\/utopies.com\/en\/wp-json\/wp\/v2\/types\/page"}],"author":[{"embeddable":true,"href":"https:\/\/utopies.com\/en\/wp-json\/wp\/v2\/users\/2"}],"replies":[{"embeddable":true,"href":"https:\/\/utopies.com\/en\/wp-json\/wp\/v2\/comments?post=15820"}],"version-history":[{"count":3,"href":"https:\/\/utopies.com\/en\/wp-json\/wp\/v2\/pages\/15820\/revisions"}],"predecessor-version":[{"id":30302,"href":"https:\/\/utopies.com\/en\/wp-json\/wp\/v2\/pages\/15820\/revisions\/30302"}],"wp:featuredmedia":[{"embeddable":true,"href":"https:\/\/utopies.com\/en\/wp-json\/wp\/v2\/media\/14394"}],"wp:attachment":[{"href":"https:\/\/utopies.com\/en\/wp-json\/wp\/v2\/media?parent=15820"}],"wp:term":[{"taxonomy":"category","embeddable":true,"href":"https:\/\/utopies.com\/en\/wp-json\/wp\/v2\/categories?post=15820"},{"taxonomy":"post_tag","embeddable":true,"href":"https:\/\/utopies.com\/en\/wp-json\/wp\/v2\/tags?post=15820"}],"curies":[{"name":"wp","href":"https:\/\/api.w.org\/{rel}","templated":true}]}}